{"id":37,"date":"2016-08-02T15:55:58","date_gmt":"2016-08-02T13:55:58","guid":{"rendered":"http:\/\/hartvoorgambia.nl\/?page_id=37"},"modified":"2026-04-14T16:30:29","modified_gmt":"2026-04-14T14:30:29","slug":"verantwoording","status":"publish","type":"page","link":"https:\/\/www.hartvoorgambia.nl\/en\/verantwoording\/","title":{"rendered":"Verantwoording"},"content":{"rendered":"<p><\/p>\n<h1>Jaarverslag 2015<\/h1>\n<p>Klik <a href=\"http:\/\/www.hartvoorgambia.nl\/images\/Financieel_jaarverslag_H.v.G_2015.pdf\"><strong>hier<\/strong><\/a> voor het financi\u00eble jaarverslag<\/p>\n<hr \/>\n<h1>Jaarverslag 2014<\/h1>\n<p>Klik <a href=\"http:\/\/www.hartvoorgambia.nl\/images\/stories\/jaarverslag_2014\/financieel_jaarverslag_2014.pdf\"><strong>hier<\/strong><\/a> voor het financi\u00eble jaarverslag<\/p>\n<hr \/>\n<h1>Jaarverslag 2013<\/h1>\n<p>Klik <a href=\"http:\/\/www.hartvoorgambia.nl\/images\/stories\/financieel_jaarverslag_2013.pdf\"><strong>hier<\/strong><\/a> voor het financi\u00eble jaarverslag<\/p>\n<hr \/>\n<h1>Jaarverslag 2012<\/h1>\n<p>Klik <strong><a href=\"http:\/\/www.hartvoorgambia.nl\/images\/Jaarverslag_2012_secretaris.pdf\">hier<\/a><\/strong> voor het algemene jaarverslag<\/p>\n<p>Klik <a href=\"http:\/\/www.hartvoorgambia.nl\/images\/Finantieel_Jaarverslag_2012.pdf\"><strong>hier<\/strong><\/a> voor het financi\u00eble jaarverslag<\/p>\n<hr \/>\n<h1>Jaarverslag 2011<\/h1>\n<p>Klik <strong><a href=\"http:\/\/www.hartvoorgambia.nl\/images\/stories\/jaarverslag2011\/jaarverslag%202011%20secretaris.pdf\" target=\"_blank\" rel=\"noopener noreferrer\">hier<\/a><\/strong> voor het algemene jaarverslag<\/p>\n<p>Klik <strong><a href=\"http:\/\/www.hartvoorgambia.nl\/images\/stories\/jaarverslag2011\/financieel%20jaarverslag%202011.pdf\" target=\"_blank\" rel=\"noopener noreferrer\">hier<\/a><\/strong> voor het financi\u00eble jaarverslag<\/p>\n<hr \/>\n<h1>Jaarverslag 2010<\/h1>\n<p>Het jaar 2010 was voor de stichting een jaar van overvloed.<br \/>\nEn dan niet in financi\u00eble zin, maar in de zin van de grote hoeveelheid hulpgoederen die we aangeboden hebben gekregen en in opslag hebben genomen.<br \/>\nDe eerste reden is er de oorzaak van dat we daarom \u201cmaar\u201d of \u201cdesondanks\u201d drie 40 ft. zeecontainers met hulpgoederen naar The Gambia hebben kunnen verschepen in 2010.<br \/>\nDe tweede reden heeft er mede toe geleid dat we in 2010 met een omschakeling zijn gestart van een aanbodgestuurde organisatie naar een vraaggestuurde organisatie.<\/p>\n<p>Voor het transport van de aangeboden hulpgoederen is o.a vijf maal een vrachtwagen gehuurd en hebben diverse sponsoren hun hulpgoederen zelf bij onze opslaghal in Hapert afgeleverd.<\/p>\n<p>Twee hoogtepunten van de verschepingen mogen hier met name nog eens genoemd worden:<br \/>\nhet \u201cspectaculaire\u201d transport van de Nissan Patrol naar het St.Peter\u2019s project en het transport van alle materialen voor de aanleg van het St.Peter\u2019s schoondrinkwater project.<br \/>\n<strong>\u00a0<\/strong><\/p>\n<p><strong>Vrijwilligers<br \/>\n<\/strong>Antoon Reijnders heeft, als vrijwilliger van de stichting, in november\/december 4 weken de uitvoering en aanleg van het St.Peter\u2019s schoon drinkwaterproject begeleid. Daarmee heeft hij een belangrijke bijdrage geleverd aan de verbetering van de leefomstandigheden van de scholengemeenschap en de omgeving daarvan.<br \/>\nDankzij de inzet van de vrijwilligers is er ook in 2010 weer veel werk verzet door en voor de stichting.<br \/>\nAlle vrijwilligers worden hartelijk bedankt voor hun bijdrage aan de stichting.<br \/>\n<strong>\u00a0<\/strong><\/p>\n<p><strong>Sponsoren en donateurs<br \/>\n<\/strong>In juni 2010 ontving de stichting van een sponsor een volmacht voor een schenking\u00a0 van 3000 euro per jaar, voor een periode van 5 jaar.<br \/>\nOok is er in 2010 nog voor 600 euro aan certificaten verkocht.<br \/>\nOok in 2010 zijn weer diverse nieuwe sponsoren bereid gevonden om via een machtiging een maandelijkse bedrage aan de stichting geven.<br \/>\nOnze hoofdsponsor heeft ook in 2010 weer een forse bijdrage geleverd aan de resultaten van de stichting.<br \/>\n<strong>\u00a0<\/strong><\/p>\n<p><strong>Bestuur en organisatie<br \/>\n<\/strong>Het bestuur is in 2010 vijf maal in vergadering bijeen geweest.<br \/>\nIn december hebben we een aankondiging ontvangen van de belastingdienst voor een controle van onze ANBI status. Deze controle zal in maart 2011 plaatsvinden.<br \/>\nOm praktische redenen is de stichting overgestapt van de Rabobank Veldhoven naar de Rabobank in Bergeijk.<br \/>\n<strong>\u00a0<\/strong><\/p>\n<p><strong>Communicatie<br \/>\n<\/strong>In 2010 zijn er 2 nieuwsflitsen en 1 nieuwsbrief naar vrijwilligers en sponsoren gemaild.<br \/>\nDe website is regelmatig van de nodige actuele informatie voorzien.<br \/>\nEr gaat een plan gemaakt worden voor verbetering van de opzet en inhoud van de website.<br \/>\n<strong>Projecten<br \/>\n<\/strong>&#8211; Deel 1 (ommuring) en deel 2 (schoondrinkwater) van het St.Peter\u2019s project zijn in 2010 met succes afgerond. Eind 2010 is een begin gemaakt met de voorbereiding van het derde en laatste deel van dit project, het land- en tuinbouw onderwijs.<br \/>\n&#8211; De Regenboogschool in Bergeijk gaat in 2011 uitvoering geven aan ondersteuning van de Marakissa school in The Gambia.<\/p>\n<p><strong>Financi\u00ebn<br \/>\n<\/strong>In 2010 heeft de stichting ruim \u20ac27.000\u00a0aan donaties ontvangen.<br \/>\nDeze inkomsten zijn uitgegeven aan :<br \/>\n&#8211;\u00a0Transportkosten zeecontainers naar Gambia: \u20ac12.000<br \/>\n&#8211;\u00a0St.Peter\u2019s project: \u20ac13.000<br \/>\n&#8211;\u00a0Transportkosten ophalen hulpgoederen bij sponsoren: \u20ac1.000<br \/>\nDoor de geheel belangeloze inzet van sponsoren en vrijwilligers heeft de stichting nauwelijks organisatiekosten en kunnen de donaties voor 98% aan de projecten worden besteed.<br \/>\n<strong>\u00a0<\/strong><\/p>\n<p><strong>Slot<\/strong><br \/>\nThe \u201cHeart For Gambia\u201d Foundation kan met voldoening vaststellen dat in het jaar 2010 weer veel resultaat is bereikt. De samenwerking binnen de organisatie,\u00a0zowel voor wat betreft bestuur, sponsoren als de vrijwilligers, wordt steeds professioneler.<br \/>\nWe kunnen de toekomst daarom met veel vertrouwen tegemoet zien.<\/p>\n<p><em>Cees van de Ven<br \/>\nSecretaris, The \u201cHeart For Gambia\u201d Foundation<\/em><\/p>","protected":false},"excerpt":{"rendered":"<p>Jaarverslag 2015 Klik hier voor het financi\u00eble jaarverslag Jaarverslag 2014 Klik hier voor het financi\u00eble jaarverslag Jaarverslag 2013 Klik hier voor het financi\u00eble jaarverslag Jaarverslag 2012 Klik hier voor het algemene jaarverslag Klik hier voor het financi\u00eble jaarverslag Jaarverslag 2011 Klik hier voor het algemene jaarverslag Klik hier voor het &#8230;<\/p>\n","protected":false},"author":2,"featured_media":0,"parent":0,"menu_order":0,"comment_status":"closed","ping_status":"closed","template":"","meta":{"ngg_post_thumbnail":0},"_links":{"self":[{"href":"https:\/\/www.hartvoorgambia.nl\/en\/wp-json\/wp\/v2\/pages\/37"}],"collection":[{"href":"https:\/\/www.hartvoorgambia.nl\/en\/wp-json\/wp\/v2\/pages"}],"about":[{"href":"https:\/\/www.hartvoorgambia.nl\/en\/wp-json\/wp\/v2\/types\/page"}],"author":[{"embeddable":true,"href":"https:\/\/www.hartvoorgambia.nl\/en\/wp-json\/wp\/v2\/users\/2"}],"replies":[{"embeddable":true,"href":"https:\/\/www.hartvoorgambia.nl\/en\/wp-json\/wp\/v2\/comments?post=37"}],"version-history":[{"count":34,"href":"https:\/\/www.hartvoorgambia.nl\/en\/wp-json\/wp\/v2\/pages\/37\/revisions"}],"predecessor-version":[{"id":4698,"href":"https:\/\/www.hartvoorgambia.nl\/en\/wp-json\/wp\/v2\/pages\/37\/revisions\/4698"}],"wp:attachment":[{"href":"https:\/\/www.hartvoorgambia.nl\/en\/wp-json\/wp\/v2\/media?parent=37"}],"curies":[{"name":"wp","href":"https:\/\/api.w.org\/{rel}","templated":true}]}}